{"id":668,"date":"2025-03-04T13:26:28","date_gmt":"2025-03-04T12:26:28","guid":{"rendered":"https:\/\/www.errare-romanum-est.de\/?page_id=668"},"modified":"2025-03-04T17:00:12","modified_gmt":"2025-03-04T16:00:12","slug":"anhoeren","status":"publish","type":"page","link":"https:\/\/www.errare-romanum-est.de\/index.php\/anhoeren\/","title":{"rendered":"Anh\u00f6ren!"},"content":{"rendered":"\n<p>Ihr k\u00f6nnt Errare Romanum est direkt auf dieser Website h\u00f6ren (jeweils auf der Episodenseite befindet sich oben der Webplayer). Den RSS-Feed, den ihr mit einem Tool eurer Wahl importieren k\u00f6nnt, findet ihr <a href=\"https:\/\/www.errare-romanum-est.de\/feed.rss\">hier<\/a>. Wir sind aber auch bei folgenden Diensten vertreten:<\/p>\n\n\n\n<figure class=\"wp-block-embed is-type-rich is-provider-spotify wp-block-embed-spotify wp-embed-aspect-21-9 wp-has-aspect-ratio\"><div class=\"wp-block-embed__wrapper\">\n<iframe title=\"Spotify Embed: 013 - Eklo-ho-hoge IV, oder: &quot;Weihnachten&quot; vor Christi Geburt\" style=\"border-radius: 12px\" width=\"100%\" height=\"152\" frameborder=\"0\" allowfullscreen allow=\"autoplay; clipboard-write; encrypted-media; fullscreen; picture-in-picture\" loading=\"lazy\" src=\"https:\/\/open.spotify.com\/embed\/show\/7D0NfSkBW7bjtqPcNkERbZ?si=16ac90ee43784b7d&#038;utm_source=oembed\"><\/iframe>\n<\/div><\/figure>\n\n\n\n<a href=\"https:\/\/podcasts.apple.com\/us\/podcast\/errare-romanum-est\/id1637938673\"><img data-recalc-dims=\"1\" decoding=\"async\" src=\"https:\/\/i0.wp.com\/www.errare-romanum-est.de\/files\/2025\/03\/1300x740.png?w=604&#038;ssl=1\" alt=\"Auf Apple Podcasts h\u00f6ren\"><\/a>\n\n\n\n<p><\/p>\n\n\n\n<a href=\"https:\/\/music.amazon.de\/podcasts\/f8ed45f5-9d55-4265-a386-841b2cacf36a\/errare-romanum-est\"><img data-recalc-dims=\"1\" decoding=\"async\" src=\"https:\/\/i0.wp.com\/podcasters.amazon.com\/static\/media\/US_ListenOn_AmazonMusic_Button_US_Cyan.aa27dae0.png?w=604&#038;ssl=1\" alt=\"Auf Amazon Music h\u00f6ren\"><\/a>\n\n\n\n<p><\/p>\n\n\n\n<a href=\"https:\/\/plus.rtl.de\/podcast\/errare-romanum-est-ovxr7ou4f1dm5\"><img decoding=\"async\" src=\"https:\/\/podcasters.plus.rtl.de\/assets\/startpage\/rtl-podcast-badge-dark-rounded.svg\" alt=\"Auf RTL Plus h\u00f6ren\"><\/a>\n\n\n\n<a href=\"https:\/\/www.deezer.com\/de\/show\/1001688461\"><img decoding=\"async\" src=\"https:\/\/nathangathright.github.io\/podcast-badges\/badges\/deezer-dark.svg\" alt=\"Auf Deezer h\u00f6ren\"><\/a>\n\n\n\n<a href=\"https:\/\/de.player.fm\/series\/errare-romanum-est\"><img decoding=\"async\" src=\"https:\/\/nathangathright.github.io\/podcast-badges\/badges\/playerfm-dark.svg\" alt=\"Auf Player.fm h\u00f6ren\"><\/a>\n\n\n\n<a href=\"https:\/\/lnns.co\/VvDAtEIGmhk\"><img decoding=\"async\" src=\"https:\/\/nathangathright.github.io\/podcast-badges\/badges\/listennotes-dark.svg\" alt=\"Auf Listen Notes h\u00f6ren\"><\/a>\n\n\n\n<a href=\"https:\/\/pca.st\/mnrsjh10\"><img decoding=\"async\" src=\"https:\/\/nathangathright.github.io\/podcast-badges\/badges\/pocketcasts-dark.svg\" alt=\"Auf Pocket Casts h\u00f6ren\"><\/a>\n\n\n\n<a href=\"https:\/\/castbox.fm\/channel\/Errare-Romanum-est-id6217776?country=us\"><img decoding=\"async\" src=\"https:\/\/nathangathright.github.io\/podcast-badges\/badges\/castbox-dark.svg\" alt=\"Auf Castbox h\u00f6ren\"><\/a>\n\n\n\n<a href=\"https:\/\/podcastaddict.com\/podcast\/errare-romanum-est\/4367502\"><img decoding=\"async\" src=\"https:\/\/nathangathright.github.io\/podcast-badges\/badges\/podcastaddict-dark.svg\" alt=\"Auf Podcast Addicth\u00f6ren\"><\/a>\n\n\n\n<a href=\"https:\/\/podimo.com\/de\/shows\/errare-romanum-est\"><img decoding=\"async\" src=\"https:\/\/nathangathright.github.io\/podcast-badges\/badges\/podimo-dark.svg\" alt=\"Auf Podimo h\u00f6ren\"><\/a> <br>\n\n\n\n<a href=\"https:\/\/www.podcast.de\/podcast\/3002300\/errare-romanum-est\">Auf podcast.de h\u00f6ren<\/a> <br>\n\n\n\n<a href=\"https:\/\/fyyd.de\/podcast\/errare-romanum-est\/0\">Auf Fyyd h\u00f6ren<\/a>\n","protected":false},"excerpt":{"rendered":"<p>Ihr k\u00f6nnt Errare Romanum est direkt auf dieser Website h\u00f6ren (jeweils auf der Episodenseite befindet sich oben der Webplayer). Den RSS-Feed, den ihr mit einem Tool eurer Wahl importieren k\u00f6nnt, findet ihr hier. Wir sind aber auch bei folgenden Diensten vertreten: Auf podcast.de h\u00f6ren Auf Fyyd h\u00f6ren<\/p>\n","protected":false},"author":13928,"featured_media":0,"parent":0,"menu_order":0,"comment_status":"closed","ping_status":"closed","template":"","meta":{"enclosure":"","podcast_author":"","podcast_copyright":"","podcast_website":"","podcast_logo":"","footnotes":""},"class_list":["post-668","page","type-page","status-publish","hentry"],"jetpack_sharing_enabled":true,"_links":{"self":[{"href":"https:\/\/www.errare-romanum-est.de\/index.php\/wp-json\/wp\/v2\/pages\/668","targetHints":{"allow":["GET"]}}],"collection":[{"href":"https:\/\/www.errare-romanum-est.de\/index.php\/wp-json\/wp\/v2\/pages"}],"about":[{"href":"https:\/\/www.errare-romanum-est.de\/index.php\/wp-json\/wp\/v2\/types\/page"}],"author":[{"embeddable":true,"href":"https:\/\/www.errare-romanum-est.de\/index.php\/wp-json\/wp\/v2\/users\/13928"}],"replies":[{"embeddable":true,"href":"https:\/\/www.errare-romanum-est.de\/index.php\/wp-json\/wp\/v2\/comments?post=668"}],"version-history":[{"count":25,"href":"https:\/\/www.errare-romanum-est.de\/index.php\/wp-json\/wp\/v2\/pages\/668\/revisions"}],"predecessor-version":[{"id":705,"href":"https:\/\/www.errare-romanum-est.de\/index.php\/wp-json\/wp\/v2\/pages\/668\/revisions\/705"}],"wp:attachment":[{"href":"https:\/\/www.errare-romanum-est.de\/index.php\/wp-json\/wp\/v2\/media?parent=668"}],"curies":[{"name":"wp","href":"https:\/\/api.w.org\/{rel}","templated":true}]}}